

{"id":14839,"date":"2024-08-30T10:55:40","date_gmt":"2024-08-30T08:55:40","guid":{"rendered":"https:\/\/undermonkeys.com\/producto\/calcetin-tobillero-antideslizante-circulos\/"},"modified":"2026-03-03T17:52:01","modified_gmt":"2026-03-03T16:52:01","slug":"calcetin-tobillero-antideslizante-circulos","status":"publish","type":"product","link":"https:\/\/undermonkeys.com\/en\/product\/calcetin-tobillero-antideslizante-circulos\/","title":{"rendered":"Calcetin Tobillero Antideslizante C\u00edrculos"},"content":{"rendered":"<\/p>\n<p><strong>Calcetines tobilleros con antideslizante<\/strong>, ideales para moverse con libertad y seguridad dentro de casa.<\/p>\n<p>Confeccionados en <strong>algod\u00f3n suave y el\u00e1stico<\/strong>, con <strong>dibujo de c\u00edrculos de colores<\/strong> que los hace a\u00fan m\u00e1s divertidos.<\/p>\n<p>Perfectos para los monitos que no paran quietos.<\/p>\n<p>&#129510; <strong>C\u00f3modos, seguros y con mucho estilo<\/strong>, como todo lo que hace <strong>C\u00f3ndor<\/strong>.<\/p>\n<p><img decoding=\"async\" class=\"emoji\" src=\"https:\/\/s.w.org\/images\/core\/emoji\/16.0.1\/svg\/1f4cf.svg\" \/> Equivalencia de tallas:<\/p>\n<ul>\n<li>\n<p><strong>Talla 2<\/strong> \u2192 pie <strong>23-25<\/strong><\/p>\n<\/li>\n<li>\n<p><strong>Talla 4<\/strong> \u2192 pie <strong>26-29<\/strong><\/p>\n<\/li>\n<li>\n<p><strong>Talla 6<\/strong> \u2192 pie <strong>29-32<\/strong><\/p>\n<\/li>\n<li>\n<p><strong>Talla 8<\/strong> \u2192 pie <strong>33-36<\/strong><\/p>\n<\/li>\n<li>\n<p><strong>Talla 10<\/strong> \u2192 pie <strong>37-40<\/strong><\/p>\n<\/li>\n<\/ul>\n","protected":false},"excerpt":{"rendered":"<p>Calcetines tobilleros con antideslizante, ideales para moverse con libertad y seguridad dentro de casa. Confeccionados en algod\u00f3n suave y el\u00e1stico, con dibujo de c\u00edrculos de colores que los hace a\u00fan m\u00e1s divertidos. Perfectos para los monitos que no paran quietos. &#129510; C\u00f3modos, seguros y con mucho estilo, como todo lo que hace C\u00f3ndor. Equivalencia de &#8230; <a title=\"Calcetin Tobillero Antideslizante C\u00edrculos\" class=\"read-more\" href=\"https:\/\/undermonkeys.com\/en\/product\/calcetin-tobillero-antideslizante-circulos\/\" aria-label=\"Read more about Calcetin Tobillero Antideslizante C\u00edrculos\">Read more<\/a><\/p>\n","protected":false},"featured_media":16964,"comment_status":"open","ping_status":"closed","template":"","meta":{"_acf_changed":false},"product_brand":[],"product_cat":[560,800,427,485,921,192,928],"product_tag":[],"class_list":{"0":"post-14839","1":"product","2":"type-product","3":"status-publish","4":"has-post-thumbnail","6":"product_cat-bebe","7":"product_cat-calcetines-y-leotardos-complementos","8":"product_cat-calcetines-y-leotardos","9":"product_cat-complementos","10":"product_cat-rebajas","11":"product_cat-underwear","12":"product_cat-underwear-baby","13":"pa_brand-condor","14":"pa_sa_composition-85-algodon13-poliamida2-elastano-lycra","15":"pa_size-2-anos","16":"pa_size-4-anos","17":"pa_size-6-12-meses","18":"sales-flash-overlay","19":"woocommerce-text-align-left","20":"woocommerce-image-align-center","21":"wc-has-gallery","23":"first","24":"instock","25":"taxable","26":"shipping-taxable","27":"purchasable","28":"product-type-variable"},"acf":[],"_links":{"self":[{"href":"https:\/\/undermonkeys.com\/en\/wp-json\/wp\/v2\/product\/14839","targetHints":{"allow":["GET"]}}],"collection":[{"href":"https:\/\/undermonkeys.com\/en\/wp-json\/wp\/v2\/product"}],"about":[{"href":"https:\/\/undermonkeys.com\/en\/wp-json\/wp\/v2\/types\/product"}],"replies":[{"embeddable":true,"href":"https:\/\/undermonkeys.com\/en\/wp-json\/wp\/v2\/comments?post=14839"}],"wp:featuredmedia":[{"embeddable":true,"href":"https:\/\/undermonkeys.com\/en\/wp-json\/wp\/v2\/media\/16964"}],"wp:attachment":[{"href":"https:\/\/undermonkeys.com\/en\/wp-json\/wp\/v2\/media?parent=14839"}],"wp:term":[{"taxonomy":"product_brand","embeddable":true,"href":"https:\/\/undermonkeys.com\/en\/wp-json\/wp\/v2\/product_brand?post=14839"},{"taxonomy":"product_cat","embeddable":true,"href":"https:\/\/undermonkeys.com\/en\/wp-json\/wp\/v2\/product_cat?post=14839"},{"taxonomy":"product_tag","embeddable":true,"href":"https:\/\/undermonkeys.com\/en\/wp-json\/wp\/v2\/product_tag?post=14839"}],"curies":[{"name":"wp","href":"https:\/\/api.w.org\/{rel}","templated":true}]}}