

{"id":15084,"date":"2024-09-24T13:00:51","date_gmt":"2024-09-24T11:00:51","guid":{"rendered":"https:\/\/undermonkeys.com\/producto\/gorro-canale-para-bebe\/"},"modified":"2026-03-18T13:29:00","modified_gmt":"2026-03-18T12:29:00","slug":"gorro-bebe-canale","status":"publish","type":"product","link":"https:\/\/undermonkeys.com\/en\/product\/gorro-bebe-canale\/","title":{"rendered":"Gorro Beb\u00e9 Canal\u00e9"},"content":{"rendered":"<\/p>\n<p><strong>Gorro de canal\u00e9 100% algod\u00f3n<\/strong>, suave, transpirable y delicado con la piel del beb\u00e9.<\/p>\n<p><span>Dise\u00f1ado para mantener su cabecita abrigada con total comodidad.<\/span><\/p>\n<p>&#127868; Disponible en tallas de <strong>0 a 24 meses<\/strong>, ideal para los primeros paseos y momentos de abrigo suave.<\/p>\n<p>Un b\u00e1sico de la marca <strong>C\u00f3ndor<\/strong>, pensado para cuidar con cari\u00f1o desde el primer d\u00eda.<\/p>\n<p><\/p><\/p>\n","protected":false},"excerpt":{"rendered":"<p>Gorro de canal\u00e9 100% algod\u00f3n, suave, transpirable y delicado con la piel del beb\u00e9. Dise\u00f1ado para mantener su cabecita abrigada con total comodidad. &#127868; Disponible en tallas de 0 a 24 meses, ideal para los primeros paseos y momentos de abrigo suave. Un b\u00e1sico de la marca C\u00f3ndor, pensado para cuidar con cari\u00f1o desde el &#8230; <a title=\"Gorro Beb\u00e9 Canal\u00e9\" class=\"read-more\" href=\"https:\/\/undermonkeys.com\/en\/product\/gorro-bebe-canale\/\" aria-label=\"Read more about Gorro Beb\u00e9 Canal\u00e9\">Read more<\/a><\/p>\n","protected":false},"featured_media":19130,"comment_status":"open","ping_status":"closed","template":"","meta":{"_acf_changed":false},"product_brand":[],"product_cat":[560,485,605,895,921],"product_tag":[],"class_list":{"0":"post-15084","1":"product","2":"type-product","3":"status-publish","4":"has-post-thumbnail","6":"product_cat-bebe","7":"product_cat-complementos","8":"product_cat-exterior-bebe","9":"product_cat-gorros-bufandas-y-guantes","10":"product_cat-rebajas","11":"pa_brand-condor","12":"pa_sa_composition-100-algodon-organico","13":"pa_size-12-24-meses","14":"pa_size-3-6-meses","15":"pa_size-6-12-meses","16":"sales-flash-overlay","17":"woocommerce-text-align-left","18":"woocommerce-image-align-center","19":"wc-has-gallery","21":"first","22":"instock","23":"sale","24":"taxable","25":"shipping-taxable","26":"purchasable","27":"product-type-variable"},"acf":[],"_links":{"self":[{"href":"https:\/\/undermonkeys.com\/en\/wp-json\/wp\/v2\/product\/15084","targetHints":{"allow":["GET"]}}],"collection":[{"href":"https:\/\/undermonkeys.com\/en\/wp-json\/wp\/v2\/product"}],"about":[{"href":"https:\/\/undermonkeys.com\/en\/wp-json\/wp\/v2\/types\/product"}],"replies":[{"embeddable":true,"href":"https:\/\/undermonkeys.com\/en\/wp-json\/wp\/v2\/comments?post=15084"}],"wp:featuredmedia":[{"embeddable":true,"href":"https:\/\/undermonkeys.com\/en\/wp-json\/wp\/v2\/media\/19130"}],"wp:attachment":[{"href":"https:\/\/undermonkeys.com\/en\/wp-json\/wp\/v2\/media?parent=15084"}],"wp:term":[{"taxonomy":"product_brand","embeddable":true,"href":"https:\/\/undermonkeys.com\/en\/wp-json\/wp\/v2\/product_brand?post=15084"},{"taxonomy":"product_cat","embeddable":true,"href":"https:\/\/undermonkeys.com\/en\/wp-json\/wp\/v2\/product_cat?post=15084"},{"taxonomy":"product_tag","embeddable":true,"href":"https:\/\/undermonkeys.com\/en\/wp-json\/wp\/v2\/product_tag?post=15084"}],"curies":[{"name":"wp","href":"https:\/\/api.w.org\/{rel}","templated":true}]}}