

{"id":15106,"date":"2024-09-24T13:05:27","date_gmt":"2024-09-24T11:05:27","guid":{"rendered":"https:\/\/undermonkeys.com\/producto\/capota-elfo-mezcla-lana-merino\/"},"modified":"2026-04-08T11:54:11","modified_gmt":"2026-04-08T09:54:11","slug":"capota-bebe-elfo-mezcla-lana-merino","status":"publish","type":"product","link":"https:\/\/undermonkeys.com\/en\/product\/capota-bebe-elfo-mezcla-lana-merino\/","title":{"rendered":"Capota Beb\u00e9 Elfo Mezcla Lana Merino"},"content":{"rendered":"<\/p>\n<p><strong>Capota de punto calado links<\/strong> con dise\u00f1o en <strong>forma de elfo<\/strong>, ideal para darle un toque m\u00e1gico y delicado a los looks de tu beb\u00e9.<\/p>\n<p>Su tejido es <strong>suave, transpirable y con un calado elegante<\/strong>, perfecto para entretiempo o d\u00edas frescos.<\/p>\n<p>&#129526; Una prenda diferente, c\u00f3moda y llena de encanto, con la calidad de <strong>C\u00f3ndor<\/strong>.<\/p>\n<p>Para monitos reci\u00e9n llegados&#8230; con alma de duendecillo.<\/p>\n<p><\/p><\/p>\n","protected":false},"excerpt":{"rendered":"<p>Capota de punto calado links con dise\u00f1o en forma de elfo, ideal para darle un toque m\u00e1gico y delicado a los looks de tu beb\u00e9. Su tejido es suave, transpirable y con un calado elegante, perfecto para entretiempo o d\u00edas frescos. &#129526; Una prenda diferente, c\u00f3moda y llena de encanto, con la calidad de C\u00f3ndor. &#8230; <a title=\"Capota Beb\u00e9 Elfo Mezcla Lana Merino\" class=\"read-more\" href=\"https:\/\/undermonkeys.com\/en\/product\/capota-bebe-elfo-mezcla-lana-merino\/\" aria-label=\"Read more about Capota Beb\u00e9 Elfo Mezcla Lana Merino\">Read more<\/a><\/p>\n","protected":false},"featured_media":43359,"comment_status":"open","ping_status":"closed","template":"","meta":{"_acf_changed":false},"product_brand":[],"product_cat":[560,485,605,895,944,921],"product_tag":[],"class_list":{"0":"post-15106","1":"product","2":"type-product","3":"status-publish","4":"has-post-thumbnail","6":"product_cat-bebe","7":"product_cat-complementos","8":"product_cat-exterior-bebe","9":"product_cat-gorros-bufandas-y-guantes","10":"product_cat-novedades","11":"product_cat-rebajas","12":"pa_brand-condor","13":"pa_size-12-24-meses","14":"pa_size-3-6-meses","15":"pa_size-6-12-meses","16":"sales-flash-overlay","17":"woocommerce-text-align-left","18":"woocommerce-image-align-center","19":"wc-has-gallery","21":"first","22":"outofstock","23":"taxable","24":"shipping-taxable","25":"product-type-variable"},"acf":[],"_links":{"self":[{"href":"https:\/\/undermonkeys.com\/en\/wp-json\/wp\/v2\/product\/15106","targetHints":{"allow":["GET"]}}],"collection":[{"href":"https:\/\/undermonkeys.com\/en\/wp-json\/wp\/v2\/product"}],"about":[{"href":"https:\/\/undermonkeys.com\/en\/wp-json\/wp\/v2\/types\/product"}],"replies":[{"embeddable":true,"href":"https:\/\/undermonkeys.com\/en\/wp-json\/wp\/v2\/comments?post=15106"}],"wp:featuredmedia":[{"embeddable":true,"href":"https:\/\/undermonkeys.com\/en\/wp-json\/wp\/v2\/media\/43359"}],"wp:attachment":[{"href":"https:\/\/undermonkeys.com\/en\/wp-json\/wp\/v2\/media?parent=15106"}],"wp:term":[{"taxonomy":"product_brand","embeddable":true,"href":"https:\/\/undermonkeys.com\/en\/wp-json\/wp\/v2\/product_brand?post=15106"},{"taxonomy":"product_cat","embeddable":true,"href":"https:\/\/undermonkeys.com\/en\/wp-json\/wp\/v2\/product_cat?post=15106"},{"taxonomy":"product_tag","embeddable":true,"href":"https:\/\/undermonkeys.com\/en\/wp-json\/wp\/v2\/product_tag?post=15106"}],"curies":[{"name":"wp","href":"https:\/\/api.w.org\/{rel}","templated":true}]}}