

{"id":17959,"date":"2025-04-06T22:20:06","date_gmt":"2025-04-06T20:20:06","guid":{"rendered":"https:\/\/undermonkeys.com\/producto\/guirnalda-limones\/"},"modified":"2025-12-01T23:55:31","modified_gmt":"2025-12-01T22:55:31","slug":"guirnalda-limones","status":"publish","type":"product","link":"https:\/\/undermonkeys.com\/en\/product\/guirnalda-limones\/","title":{"rendered":"Guirnalda Limones"},"content":{"rendered":"<p>Alegra cualquier rinc\u00f3n con esta <strong>guirnalda confeccionada a mano<\/strong> en suave <strong>bambula de algod\u00f3n<\/strong>, con estampado de <strong>banderitas en amarillo ocre o limones<\/strong>.<\/p>\n<p>Perfecta para <strong>decorar la habitaci\u00f3n de un beb\u00e9 o un ni\u00f1o<\/strong>, una fiesta especial o simplemente dar un toque acogedor a cualquier espacio.<\/p>\n<p>&#127819; Ligera, delicada y con mucho encanto, ideal para crear ambientes llenos de alegr\u00eda y ternura.<\/p>\n<p><strong>Bienvenidos a la jungla (m\u00e1s bonita que nunca).<\/strong><\/p>\n","protected":false},"excerpt":{"rendered":"<p>Alegra cualquier rinc\u00f3n con esta guirnalda confeccionada a mano en suave bambula de algod\u00f3n, con estampado de banderitas en amarillo ocre o limones. Perfecta para decorar la habitaci\u00f3n de un beb\u00e9 o un ni\u00f1o, una fiesta especial o simplemente dar un toque acogedor a cualquier espacio. &#127819; Ligera, delicada y con mucho encanto, ideal para &#8230; <a title=\"Guirnalda Limones\" class=\"read-more\" href=\"https:\/\/undermonkeys.com\/en\/product\/guirnalda-limones\/\" aria-label=\"Read more about Guirnalda Limones\">Read more<\/a><\/p>\n","protected":false},"featured_media":17960,"comment_status":"open","ping_status":"closed","template":"","meta":{"_acf_changed":false},"product_brand":[],"product_cat":[485,525],"product_tag":[],"class_list":{"0":"post-17959","1":"product","2":"type-product","3":"status-publish","4":"has-post-thumbnail","6":"product_cat-complementos","7":"product_cat-juguetes-y-guirnaldas","8":"pa_brand-sin-marca","9":"pa_sa_composition-100-algodon-organico","10":"pa_sa_unique_color-unique","11":"pa_sa_unique_size-unique","12":"sales-flash-overlay","13":"woocommerce-text-align-left","14":"woocommerce-image-align-center","16":"first","17":"instock","18":"taxable","19":"shipping-taxable","20":"purchasable","21":"product-type-simple"},"acf":[],"_links":{"self":[{"href":"https:\/\/undermonkeys.com\/en\/wp-json\/wp\/v2\/product\/17959","targetHints":{"allow":["GET"]}}],"collection":[{"href":"https:\/\/undermonkeys.com\/en\/wp-json\/wp\/v2\/product"}],"about":[{"href":"https:\/\/undermonkeys.com\/en\/wp-json\/wp\/v2\/types\/product"}],"replies":[{"embeddable":true,"href":"https:\/\/undermonkeys.com\/en\/wp-json\/wp\/v2\/comments?post=17959"}],"wp:featuredmedia":[{"embeddable":true,"href":"https:\/\/undermonkeys.com\/en\/wp-json\/wp\/v2\/media\/17960"}],"wp:attachment":[{"href":"https:\/\/undermonkeys.com\/en\/wp-json\/wp\/v2\/media?parent=17959"}],"wp:term":[{"taxonomy":"product_brand","embeddable":true,"href":"https:\/\/undermonkeys.com\/en\/wp-json\/wp\/v2\/product_brand?post=17959"},{"taxonomy":"product_cat","embeddable":true,"href":"https:\/\/undermonkeys.com\/en\/wp-json\/wp\/v2\/product_cat?post=17959"},{"taxonomy":"product_tag","embeddable":true,"href":"https:\/\/undermonkeys.com\/en\/wp-json\/wp\/v2\/product_tag?post=17959"}],"curies":[{"name":"wp","href":"https:\/\/api.w.org\/{rel}","templated":true}]}}