

{"id":18719,"date":"2025-05-26T11:33:21","date_gmt":"2025-05-26T09:33:21","guid":{"rendered":"https:\/\/undermonkeys.com\/producto\/top-bano-nina-vichy-negro\/"},"modified":"2026-01-30T10:07:47","modified_gmt":"2026-01-30T09:07:47","slug":"top-bano-nina-vichy-negro","status":"publish","type":"product","link":"https:\/\/undermonkeys.com\/en\/product\/top-bano-nina-vichy-negro\/","title":{"rendered":"Top Ba\u00f1o Ni\u00f1a Vichy Negro"},"content":{"rendered":"<\/p>\n<p><strong>Top de ba\u00f1o confeccionado en algod\u00f3n org\u00e1nico y poli\u00e9ster reciclado<\/strong>, con dise\u00f1o de <strong>cuadro vichy crudo y negro<\/strong>, atemporal y con mucho estilo.<\/p>\n<p>&#127807; Tejido c\u00f3modo, sostenible y resistente al sol y al cloro.<\/p>\n<p>&#128089; <strong>Braguita y top se venden por separado.<\/strong><\/p>\n<p><span>\u00a1Atenci\u00f3n<\/span><span>! Puede combinarse con el mismo dise\u00f1o para<\/span>\u00a0<strong>ni\u00f1o, mujer y hombre<\/strong><span>. Coordinaci\u00f3n total en la jungla.<\/span><\/p>\n<p><strong>Bienvenidas a la jungla.<\/strong><\/p><\/p>\n","protected":false},"excerpt":{"rendered":"<p>Top de ba\u00f1o confeccionado en algod\u00f3n org\u00e1nico y poli\u00e9ster reciclado, con dise\u00f1o de cuadro vichy crudo y negro, atemporal y con mucho estilo. &#127807; Tejido c\u00f3modo, sostenible y resistente al sol y al cloro. &#128089; Braguita y top se venden por separado. \u00a1Atenci\u00f3n! Puede combinarse con el mismo dise\u00f1o para\u00a0ni\u00f1o, mujer y hombre. Coordinaci\u00f3n total &#8230; <a title=\"Top Ba\u00f1o Ni\u00f1a Vichy Negro\" class=\"read-more\" href=\"https:\/\/undermonkeys.com\/en\/product\/top-bano-nina-vichy-negro\/\" aria-label=\"Read more about Top Ba\u00f1o Ni\u00f1a Vichy Negro\">Read more<\/a><\/p>\n","protected":false},"featured_media":18720,"comment_status":"open","ping_status":"closed","template":"","meta":{"_acf_changed":false},"product_brand":[],"product_cat":[571,947,623,570,921,875],"product_tag":[],"class_list":{"0":"post-18719","1":"product","2":"type-product","3":"status-publish","4":"has-post-thumbnail","6":"product_cat-banadores-nina","7":"product_cat-beachwear","8":"product_cat-black-friday-con-corazon","9":"product_cat-nina","10":"product_cat-rebajas","11":"product_cat-special-prices","12":"pa_brand-undermonkeys","13":"pa_sa_composition-60-algodon-organico-40-poliester-en","14":"pa_sa_unique_color-unique","15":"pa_size-11-12-anos","16":"pa_size-13-14-anos","17":"pa_size-4-5-anos","18":"pa_size-5-6-anos","19":"pa_size-7-8-anos","20":"pa_size-9-10-anos","21":"sales-flash-overlay","22":"woocommerce-text-align-left","23":"woocommerce-image-align-center","24":"wc-has-gallery","26":"first","27":"outofstock","28":"taxable","29":"shipping-taxable","30":"product-type-variable"},"acf":[],"_links":{"self":[{"href":"https:\/\/undermonkeys.com\/en\/wp-json\/wp\/v2\/product\/18719","targetHints":{"allow":["GET"]}}],"collection":[{"href":"https:\/\/undermonkeys.com\/en\/wp-json\/wp\/v2\/product"}],"about":[{"href":"https:\/\/undermonkeys.com\/en\/wp-json\/wp\/v2\/types\/product"}],"replies":[{"embeddable":true,"href":"https:\/\/undermonkeys.com\/en\/wp-json\/wp\/v2\/comments?post=18719"}],"wp:featuredmedia":[{"embeddable":true,"href":"https:\/\/undermonkeys.com\/en\/wp-json\/wp\/v2\/media\/18720"}],"wp:attachment":[{"href":"https:\/\/undermonkeys.com\/en\/wp-json\/wp\/v2\/media?parent=18719"}],"wp:term":[{"taxonomy":"product_brand","embeddable":true,"href":"https:\/\/undermonkeys.com\/en\/wp-json\/wp\/v2\/product_brand?post=18719"},{"taxonomy":"product_cat","embeddable":true,"href":"https:\/\/undermonkeys.com\/en\/wp-json\/wp\/v2\/product_cat?post=18719"},{"taxonomy":"product_tag","embeddable":true,"href":"https:\/\/undermonkeys.com\/en\/wp-json\/wp\/v2\/product_tag?post=18719"}],"curies":[{"name":"wp","href":"https:\/\/api.w.org\/{rel}","templated":true}]}}