

{"id":19437,"date":"2025-09-16T22:07:41","date_gmt":"2025-09-16T20:07:41","guid":{"rendered":"https:\/\/undermonkeys.com\/producto\/cuello-bebe-mezcla-lana-merino-punto-links\/"},"modified":"2026-03-18T13:29:16","modified_gmt":"2026-03-18T12:29:16","slug":"cuello-bebe-mezcla-lana-merino-punto-links","status":"publish","type":"product","link":"https:\/\/undermonkeys.com\/en\/product\/cuello-bebe-mezcla-lana-merino-punto-links\/","title":{"rendered":"Cuello Beb\u00e9 Mezcla Lana Merino Punto Links"},"content":{"rendered":"<\/p>\n<p>Un b\u00e1sico suave, calentito y muy mono para los beb\u00e9s m\u00e1s estilosos de la jungla. &#128018;<\/p>\n<p>Confeccionado en <strong>lana merino<\/strong>, este cuello tipo bufanda es ideal para proteger el cuello de tu beb\u00e9 sin agobiar, sin nudos y con total libertad de movimiento.<\/p>\n<p>&#127807; S\u00faper gustoso al tacto, no pica y mantiene la temperatura corporal sin recargar.<\/p>\n<p>&#127912; El tono nude es un comod\u00edn que combina con cualquier abrigo o chaquetita.<\/p>\n<p>Dise\u00f1ado para los primeros inviernos, esos en los que lo importante es estar abrigadito\u2026 \u00a1y adorable!<\/p>\n<p><strong>Bienvenidos a la jungla (versi\u00f3n baby y abrigadita).<\/strong><\/p>\n<p><strong><\/strong><\/p>\n","protected":false},"excerpt":{"rendered":"<p>Un b\u00e1sico suave, calentito y muy mono para los beb\u00e9s m\u00e1s estilosos de la jungla. &#128018; Confeccionado en lana merino, este cuello tipo bufanda es ideal para proteger el cuello de tu beb\u00e9 sin agobiar, sin nudos y con total libertad de movimiento. &#127807; S\u00faper gustoso al tacto, no pica y mantiene la temperatura corporal &#8230; <a title=\"Cuello Beb\u00e9 Mezcla Lana Merino Punto Links\" class=\"read-more\" href=\"https:\/\/undermonkeys.com\/en\/product\/cuello-bebe-mezcla-lana-merino-punto-links\/\" aria-label=\"Read more about Cuello Beb\u00e9 Mezcla Lana Merino Punto Links\">Read more<\/a><\/p>\n","protected":false},"featured_media":19438,"comment_status":"open","ping_status":"closed","template":"","meta":{"_acf_changed":false},"product_brand":[],"product_cat":[560,485,895,921],"product_tag":[],"class_list":{"0":"post-19437","1":"product","2":"type-product","3":"status-publish","4":"has-post-thumbnail","6":"product_cat-bebe","7":"product_cat-complementos","8":"product_cat-gorros-bufandas-y-guantes","9":"product_cat-rebajas","10":"pa_brand-condor","11":"pa_sa_unique_size-unique","12":"sales-flash-overlay","13":"woocommerce-text-align-left","14":"woocommerce-image-align-center","16":"first","17":"instock","18":"sale","19":"taxable","20":"shipping-taxable","21":"purchasable","22":"product-type-simple"},"acf":[],"_links":{"self":[{"href":"https:\/\/undermonkeys.com\/en\/wp-json\/wp\/v2\/product\/19437","targetHints":{"allow":["GET"]}}],"collection":[{"href":"https:\/\/undermonkeys.com\/en\/wp-json\/wp\/v2\/product"}],"about":[{"href":"https:\/\/undermonkeys.com\/en\/wp-json\/wp\/v2\/types\/product"}],"replies":[{"embeddable":true,"href":"https:\/\/undermonkeys.com\/en\/wp-json\/wp\/v2\/comments?post=19437"}],"wp:featuredmedia":[{"embeddable":true,"href":"https:\/\/undermonkeys.com\/en\/wp-json\/wp\/v2\/media\/19438"}],"wp:attachment":[{"href":"https:\/\/undermonkeys.com\/en\/wp-json\/wp\/v2\/media?parent=19437"}],"wp:term":[{"taxonomy":"product_brand","embeddable":true,"href":"https:\/\/undermonkeys.com\/en\/wp-json\/wp\/v2\/product_brand?post=19437"},{"taxonomy":"product_cat","embeddable":true,"href":"https:\/\/undermonkeys.com\/en\/wp-json\/wp\/v2\/product_cat?post=19437"},{"taxonomy":"product_tag","embeddable":true,"href":"https:\/\/undermonkeys.com\/en\/wp-json\/wp\/v2\/product_tag?post=19437"}],"curies":[{"name":"wp","href":"https:\/\/api.w.org\/{rel}","templated":true}]}}