

{"id":19440,"date":"2025-09-16T22:14:18","date_gmt":"2025-09-16T20:14:18","guid":{"rendered":"https:\/\/undermonkeys.com\/producto\/cuello-bebe-punto-perlado\/"},"modified":"2026-03-18T13:27:54","modified_gmt":"2026-03-18T12:27:54","slug":"cuello-bebe-punto-perlado","status":"publish","type":"product","link":"https:\/\/undermonkeys.com\/en\/product\/cuello-bebe-punto-perlado\/","title":{"rendered":"Cuello Beb\u00e9 Punto Perlado"},"content":{"rendered":"<p>Un toque de color suave y textura especial para los beb\u00e9s m\u00e1s coquetos de la jungla. &#127807;<\/p>\n<p>Confeccionado en <strong>algod\u00f3n de alta calidad con punto perlado<\/strong>, este cuello aporta ese relieve bonito, tacto gustoso y un extra de calidez sin recargar. Ideal para beb\u00e9s desde reci\u00e9n nacidos hasta aproximadamente 2 a\u00f1os.<\/p>\n<p>&#127880; El tono verde l\u00edquen es natural, armonioso y queda ideal combinado con cualquier abrigo o ropa de beb\u00e9 clara.<\/p>\n<p>Gracias a su forma tubular, se pone y quita f\u00e1cilmente, protegiendo sin apretar, sin poner nudos inc\u00f3modos, perfecto para los paseos o esos momentos de juego al aire libre.<\/p>\n<p>&#129505; B\u00e1sico funcional, duradero y con encanto, ideal para completar el armario de tu peque.<\/p>\n<p><strong>Bienvenidos a la jungla<span>&#65279;<\/span>.<\/strong><\/p>\n","protected":false},"excerpt":{"rendered":"<p>Un toque de color suave y textura especial para los beb\u00e9s m\u00e1s coquetos de la jungla. &#127807; Confeccionado en algod\u00f3n de alta calidad con punto perlado, este cuello aporta ese relieve bonito, tacto gustoso y un extra de calidez sin recargar. Ideal para beb\u00e9s desde reci\u00e9n nacidos hasta aproximadamente 2 a\u00f1os. &#127880; El tono verde &#8230; <a title=\"Cuello Beb\u00e9 Punto Perlado\" class=\"read-more\" href=\"https:\/\/undermonkeys.com\/en\/product\/cuello-bebe-punto-perlado\/\" aria-label=\"Read more about Cuello Beb\u00e9 Punto Perlado\">Read more<\/a><\/p>\n","protected":false},"featured_media":19441,"comment_status":"open","ping_status":"closed","template":"","meta":{"_acf_changed":false},"product_brand":[],"product_cat":[560,485,895,921],"product_tag":[],"class_list":{"0":"post-19440","1":"product","2":"type-product","3":"status-publish","4":"has-post-thumbnail","6":"product_cat-bebe","7":"product_cat-complementos","8":"product_cat-gorros-bufandas-y-guantes","9":"product_cat-rebajas","10":"pa_brand-condor","11":"pa_sa_composition-100-algodon","12":"pa_sa_unique_size-unique","13":"sales-flash-overlay","14":"woocommerce-text-align-left","15":"woocommerce-image-align-center","17":"first","18":"instock","19":"sale","20":"taxable","21":"shipping-taxable","22":"purchasable","23":"product-type-simple"},"acf":[],"_links":{"self":[{"href":"https:\/\/undermonkeys.com\/en\/wp-json\/wp\/v2\/product\/19440","targetHints":{"allow":["GET"]}}],"collection":[{"href":"https:\/\/undermonkeys.com\/en\/wp-json\/wp\/v2\/product"}],"about":[{"href":"https:\/\/undermonkeys.com\/en\/wp-json\/wp\/v2\/types\/product"}],"replies":[{"embeddable":true,"href":"https:\/\/undermonkeys.com\/en\/wp-json\/wp\/v2\/comments?post=19440"}],"wp:featuredmedia":[{"embeddable":true,"href":"https:\/\/undermonkeys.com\/en\/wp-json\/wp\/v2\/media\/19441"}],"wp:attachment":[{"href":"https:\/\/undermonkeys.com\/en\/wp-json\/wp\/v2\/media?parent=19440"}],"wp:term":[{"taxonomy":"product_brand","embeddable":true,"href":"https:\/\/undermonkeys.com\/en\/wp-json\/wp\/v2\/product_brand?post=19440"},{"taxonomy":"product_cat","embeddable":true,"href":"https:\/\/undermonkeys.com\/en\/wp-json\/wp\/v2\/product_cat?post=19440"},{"taxonomy":"product_tag","embeddable":true,"href":"https:\/\/undermonkeys.com\/en\/wp-json\/wp\/v2\/product_tag?post=19440"}],"curies":[{"name":"wp","href":"https:\/\/api.w.org\/{rel}","templated":true}]}}