

{"id":43476,"date":"2025-11-23T23:03:01","date_gmt":"2025-11-23T22:03:01","guid":{"rendered":"https:\/\/undermonkeys.com\/?post_type=product&#038;p=43476"},"modified":"2026-03-02T14:39:47","modified_gmt":"2026-03-02T13:39:47","slug":"pijama-bebe-terciopelo","status":"publish","type":"product","link":"https:\/\/undermonkeys.com\/product\/pijama-bebe-terciopelo\/","title":{"rendered":"Pijama Beb\u00e9 Terciopelo"},"content":{"rendered":"<p><strong>Pijama tipo pelele entero para beb\u00e9<\/strong>, confeccionado en un <strong>terciopelo finito y calentito<\/strong>, ideal para las noches fr\u00edas.<\/p>\n<p>Se <strong>abre con corchetes de arriba a abajo<\/strong>, facilitando vestir, desvestir y cambiar el pa\u00f1al sin despertar al peque\u00f1o monito.<\/p>\n<p>&#127868; Suave, c\u00f3modo y pensado para que tu beb\u00e9 <strong>duerma abrigado y feliz durante todo el invierno<\/strong>.<\/p>\n<p><strong>Bienvenidos a la jungla (en versi\u00f3n mullida y calentita).<\/strong><\/p>\n<p><\/p>\n","protected":false},"excerpt":{"rendered":"<p>Pijama tipo pelele entero para beb\u00e9, confeccionado en un terciopelo finito y calentito, ideal para las noches fr\u00edas. Se abre con corchetes de arriba a abajo, facilitando vestir, desvestir y cambiar el pa\u00f1al sin despertar al peque\u00f1o monito. &#127868; Suave, c\u00f3modo y pensado para que tu beb\u00e9 duerma abrigado y feliz durante todo el invierno. &#8230; <a title=\"Pijama Beb\u00e9 Terciopelo\" class=\"read-more\" href=\"https:\/\/undermonkeys.com\/product\/pijama-bebe-terciopelo\/\" aria-label=\"Read more about Pijama Beb\u00e9 Terciopelo\">Read more<\/a><\/p>\n","protected":false},"featured_media":43477,"comment_status":"open","ping_status":"closed","template":"","meta":{"_acf_changed":false},"product_brand":[],"product_cat":[560,869,605,620,921],"product_tag":[],"class_list":{"0":"post-43476","1":"product","2":"type-product","3":"status-publish","4":"has-post-thumbnail","6":"product_cat-bebe","7":"product_cat-buzos","8":"product_cat-exterior-bebe","9":"product_cat-peleles","10":"product_cat-rebajas","11":"pa_brand-undermonkeys","12":"pa_size-0-1-meses","13":"pa_size-1-3-meses","14":"pa_size-12-18-meses","15":"pa_size-18-24-meses","16":"pa_size-3-6-meses","17":"pa_size-6-9-meses","18":"pa_size-9-12-meses","19":"sales-flash-overlay","20":"woocommerce-text-align-left","21":"woocommerce-image-align-center","22":"wc-has-gallery","24":"first","25":"instock","26":"taxable","27":"shipping-taxable","28":"purchasable","29":"product-type-variable"},"acf":[],"_links":{"self":[{"href":"https:\/\/undermonkeys.com\/en\/wp-json\/wp\/v2\/product\/43476","targetHints":{"allow":["GET"]}}],"collection":[{"href":"https:\/\/undermonkeys.com\/en\/wp-json\/wp\/v2\/product"}],"about":[{"href":"https:\/\/undermonkeys.com\/en\/wp-json\/wp\/v2\/types\/product"}],"replies":[{"embeddable":true,"href":"https:\/\/undermonkeys.com\/en\/wp-json\/wp\/v2\/comments?post=43476"}],"wp:featuredmedia":[{"embeddable":true,"href":"https:\/\/undermonkeys.com\/en\/wp-json\/wp\/v2\/media\/43477"}],"wp:attachment":[{"href":"https:\/\/undermonkeys.com\/en\/wp-json\/wp\/v2\/media?parent=43476"}],"wp:term":[{"taxonomy":"product_brand","embeddable":true,"href":"https:\/\/undermonkeys.com\/en\/wp-json\/wp\/v2\/product_brand?post=43476"},{"taxonomy":"product_cat","embeddable":true,"href":"https:\/\/undermonkeys.com\/en\/wp-json\/wp\/v2\/product_cat?post=43476"},{"taxonomy":"product_tag","embeddable":true,"href":"https:\/\/undermonkeys.com\/en\/wp-json\/wp\/v2\/product_tag?post=43476"}],"curies":[{"name":"wp","href":"https:\/\/api.w.org\/{rel}","templated":true}]}}