

{"id":43769,"date":"2025-12-09T12:25:01","date_gmt":"2025-12-09T11:25:01","guid":{"rendered":"https:\/\/undermonkeys.com\/producto\/leotardo-canale-basico\/"},"modified":"2026-03-03T17:50:36","modified_gmt":"2026-03-03T16:50:36","slug":"leotardo-canale-basico","status":"publish","type":"product","link":"https:\/\/undermonkeys.com\/en\/product\/leotardo-canale-basico\/","title":{"rendered":"Leotardo Canal\u00e9 B\u00e1sico"},"content":{"rendered":"<\/p>\n<p><strong>Leotardos de algod\u00f3n con canal\u00e9<\/strong>, suaves, c\u00f3modos y con un ajuste perfecto que acompa\u00f1a todos sus movimientos.<\/p>\n<p>Ideales para el d\u00eda a d\u00eda, se adaptan sin apretar y combinan con cualquier look.<\/p>\n<p>&#129526; Con la calidad y el dise\u00f1o atemporal de <strong>C\u00f3ndor<\/strong>, un b\u00e1sico de fondo de armario para ni\u00f1as (y mam\u00e1s) que buscan comodidad sin renunciar al estilo.<\/p>\n<p><img decoding=\"async\" class=\"emoji\" src=\"https:\/\/s.w.org\/images\/core\/emoji\/16.0.1\/svg\/1f4cf.svg\" \/> Equivalencia de tallas:<\/p>\n<ul>\n<li>\n<p><strong>Talla 2<\/strong> \u2192 pie <strong>23-25<\/strong><\/p>\n<\/li>\n<li>\n<p><strong>Talla 4<\/strong> \u2192 pie <strong>26-29<\/strong><\/p>\n<\/li>\n<li>\n<p><strong>Talla 6<\/strong> \u2192 pie <strong>29-32<\/strong><\/p>\n<\/li>\n<li>\n<p><strong>Talla 8<\/strong> \u2192 pie <strong>33-36<\/strong><\/p>\n<\/li>\n<li>\n<p><strong>Talla 10<\/strong> \u2192 pie <strong>37-40<\/strong><\/p>\n<\/li>\n<\/ul>\n<p><\/p><\/p>\n","protected":false},"excerpt":{"rendered":"<p>Leotardos de algod\u00f3n con canal\u00e9, suaves, c\u00f3modos y con un ajuste perfecto que acompa\u00f1a todos sus movimientos. Ideales para el d\u00eda a d\u00eda, se adaptan sin apretar y combinan con cualquier look. &#129526; Con la calidad y el dise\u00f1o atemporal de C\u00f3ndor, un b\u00e1sico de fondo de armario para ni\u00f1as (y mam\u00e1s) que buscan comodidad &#8230; <a title=\"Leotardo Canal\u00e9 B\u00e1sico\" class=\"read-more\" href=\"https:\/\/undermonkeys.com\/en\/product\/leotardo-canale-basico\/\" aria-label=\"Read more about Leotardo Canal\u00e9 B\u00e1sico\">Read more<\/a><\/p>\n","protected":false},"featured_media":43770,"comment_status":"open","ping_status":"closed","template":"","meta":{"_acf_changed":false},"product_brand":[],"product_cat":[427,800,485,921,192],"product_tag":[],"class_list":{"0":"post-43769","1":"product","2":"type-product","3":"status-publish","4":"has-post-thumbnail","6":"product_cat-calcetines-y-leotardos","7":"product_cat-calcetines-y-leotardos-complementos","8":"product_cat-complementos","9":"product_cat-rebajas","10":"product_cat-underwear","11":"pa_brand-condor","12":"pa_sa_composition-75-algodon-22-poliamida-y-3-elastano-lycra","13":"pa_size-0-3-meses","14":"pa_size-10-anos","15":"pa_size-2-anos","16":"pa_size-3-6-meses","17":"pa_size-4-anos","18":"pa_size-6-anos","19":"pa_size-6-12-meses","20":"pa_size-8-anos","21":"sales-flash-overlay","22":"woocommerce-text-align-left","23":"woocommerce-image-align-center","24":"wc-has-gallery","26":"first","27":"instock","28":"sale","29":"taxable","30":"shipping-taxable","31":"purchasable","32":"product-type-variable"},"acf":[],"_links":{"self":[{"href":"https:\/\/undermonkeys.com\/en\/wp-json\/wp\/v2\/product\/43769","targetHints":{"allow":["GET"]}}],"collection":[{"href":"https:\/\/undermonkeys.com\/en\/wp-json\/wp\/v2\/product"}],"about":[{"href":"https:\/\/undermonkeys.com\/en\/wp-json\/wp\/v2\/types\/product"}],"replies":[{"embeddable":true,"href":"https:\/\/undermonkeys.com\/en\/wp-json\/wp\/v2\/comments?post=43769"}],"wp:featuredmedia":[{"embeddable":true,"href":"https:\/\/undermonkeys.com\/en\/wp-json\/wp\/v2\/media\/43770"}],"wp:attachment":[{"href":"https:\/\/undermonkeys.com\/en\/wp-json\/wp\/v2\/media?parent=43769"}],"wp:term":[{"taxonomy":"product_brand","embeddable":true,"href":"https:\/\/undermonkeys.com\/en\/wp-json\/wp\/v2\/product_brand?post=43769"},{"taxonomy":"product_cat","embeddable":true,"href":"https:\/\/undermonkeys.com\/en\/wp-json\/wp\/v2\/product_cat?post=43769"},{"taxonomy":"product_tag","embeddable":true,"href":"https:\/\/undermonkeys.com\/en\/wp-json\/wp\/v2\/product_tag?post=43769"}],"curies":[{"name":"wp","href":"https:\/\/api.w.org\/{rel}","templated":true}]}}