

{"id":44157,"date":"2026-01-30T10:10:16","date_gmt":"2026-01-30T09:10:16","guid":{"rendered":"https:\/\/undermonkeys.com\/producto\/braguita-bano-nina-pomelos\/"},"modified":"2026-04-02T18:52:07","modified_gmt":"2026-04-02T16:52:07","slug":"braguita-bano-nina-pomelos","status":"publish","type":"product","link":"https:\/\/undermonkeys.com\/product\/braguita-bano-nina-pomelos\/","title":{"rendered":"Braguita Ba\u00f1o Ni\u00f1a Pomelos"},"content":{"rendered":"<p>Braguita de ba\u00f1o con nuestro estampado de pomelos en tonos azules, fresco, divertido y muy favorecedor.<\/p>\n<p>Con delicado acabado en curling en cintura y piernas, que le aporta un toque especial y un ajuste c\u00f3modo sin apretar. Perfecta para correr por la arena, saltar en la piscina o pasar horas bajo el sol.<\/p>\n<p>Fabricada en un tejido suave, de secado r\u00e1pido y resistente al sol y al cloro, pensada para acompa\u00f1ar cada chapuz\u00f3n sin perder forma ni color.<\/p>\n<p>\ud83c\udf3f Alegre, c\u00f3moda y con mucho flow junglero.<\/p>\n<p>Top a juego disponible para completar el look.<\/p>\n<p>Bienvenidas a la jungla.<\/p>\n","protected":false},"excerpt":{"rendered":"<p>Braguita de ba\u00f1o con nuestro estampado de pomelos en tonos azules, fresco, divertido y muy favorecedor. Con delicado acabado en curling en cintura y piernas, que le aporta un toque especial y un ajuste c\u00f3modo sin apretar. Perfecta para correr por la arena, saltar en la piscina o pasar horas bajo el sol. Fabricada en &#8230; <a title=\"Braguita Ba\u00f1o Ni\u00f1a Pomelos\" class=\"read-more\" href=\"https:\/\/undermonkeys.com\/product\/braguita-bano-nina-pomelos\/\" aria-label=\"Read more about Braguita Ba\u00f1o Ni\u00f1a Pomelos\">Read more<\/a><\/p>\n","protected":false},"featured_media":44158,"comment_status":"open","ping_status":"closed","template":"","meta":{"_acf_changed":false},"product_brand":[],"product_cat":[569,571,947,560,570,944],"product_tag":[],"class_list":{"0":"post-44157","1":"product","2":"type-product","3":"status-publish","4":"has-post-thumbnail","6":"product_cat-banadores-bebe","7":"product_cat-banadores-nina","8":"product_cat-beachwear","9":"product_cat-bebe","10":"product_cat-nina","11":"product_cat-novedades","12":"pa_brand-undermonkeys","13":"pa_sa_composition-80-poliamida-20-elastano","14":"pa_size-10-anos","15":"pa_size-12-anos","16":"pa_size-12-meses","17":"pa_size-14-anos","18":"pa_size-18-meses","19":"pa_size-2-anos","20":"pa_size-3-anos","21":"pa_size-3-meses","22":"pa_size-4-anos","23":"pa_size-6-anos","24":"pa_size-6-meses","25":"pa_size-8-anos","26":"sales-flash-overlay","27":"woocommerce-text-align-left","28":"woocommerce-image-align-center","29":"wc-has-gallery","31":"first","32":"instock","33":"taxable","34":"shipping-taxable","35":"purchasable","36":"product-type-variable"},"acf":[],"_links":{"self":[{"href":"https:\/\/undermonkeys.com\/en\/wp-json\/wp\/v2\/product\/44157","targetHints":{"allow":["GET"]}}],"collection":[{"href":"https:\/\/undermonkeys.com\/en\/wp-json\/wp\/v2\/product"}],"about":[{"href":"https:\/\/undermonkeys.com\/en\/wp-json\/wp\/v2\/types\/product"}],"replies":[{"embeddable":true,"href":"https:\/\/undermonkeys.com\/en\/wp-json\/wp\/v2\/comments?post=44157"}],"wp:featuredmedia":[{"embeddable":true,"href":"https:\/\/undermonkeys.com\/en\/wp-json\/wp\/v2\/media\/44158"}],"wp:attachment":[{"href":"https:\/\/undermonkeys.com\/en\/wp-json\/wp\/v2\/media?parent=44157"}],"wp:term":[{"taxonomy":"product_brand","embeddable":true,"href":"https:\/\/undermonkeys.com\/en\/wp-json\/wp\/v2\/product_brand?post=44157"},{"taxonomy":"product_cat","embeddable":true,"href":"https:\/\/undermonkeys.com\/en\/wp-json\/wp\/v2\/product_cat?post=44157"},{"taxonomy":"product_tag","embeddable":true,"href":"https:\/\/undermonkeys.com\/en\/wp-json\/wp\/v2\/product_tag?post=44157"}],"curies":[{"name":"wp","href":"https:\/\/api.w.org\/{rel}","templated":true}]}}