

{"id":51366,"date":"2026-03-20T11:46:47","date_gmt":"2026-03-20T10:46:47","guid":{"rendered":"https:\/\/undermonkeys.com\/producto\/gafas-de-sol-easton-5-12\/"},"modified":"2026-03-30T11:45:27","modified_gmt":"2026-03-30T09:45:27","slug":"gafas-de-sol-easton-5-12","status":"publish","type":"product","link":"https:\/\/undermonkeys.com\/en\/product\/gafas-de-sol-easton-5-12\/","title":{"rendered":"Gafas de Sol Easton 5-12"},"content":{"rendered":"<p>El sol de todos los d\u00edas. Nuestra nueva gama de gafas de sol polarizadas para ni\u00f1os de LEOSUN est\u00e1n fabricadas con el innovador G850 ecol\u00f3gico renew, que est\u00e1 elaborado con un 45 % de semillas de ricino.<\/p>\n<p>Nuestras lentes est\u00e1n polarizadas, ofreciendo m\u00e1xima protecci\u00f3n UV400 para que los ni\u00f1os puedan disfrutar de horas de aventuras al aire libre.<\/p>\n<p>Dise\u00f1ado para adaptarse a ni\u00f1os de entre 5 y 12 a\u00f1os. Modelo en la foto tiene 9 a\u00f1os<\/p>\n<p>S\u00faper ligeras, flexibles y c\u00f3modas con una innovadora caja flexible y bisagras de resorte, lo que significa que las patillas se pueden doblar m\u00e1s de 90 grados.<\/p>\n<p>Los elegantes marcos son semitransparentes con un acabado suave al tacto. Empaquetadas en un estuche de fieltro suave en un elegante material reciclable y caja de cart\u00f3n.<\/p>\n","protected":false},"excerpt":{"rendered":"<p>El sol de todos los d\u00edas. Nuestra nueva gama de gafas de sol polarizadas para ni\u00f1os de LEOSUN est\u00e1n fabricadas con el innovador G850 ecol\u00f3gico renew, que est\u00e1 elaborado con un 45 % de semillas de ricino. Nuestras lentes est\u00e1n polarizadas, ofreciendo m\u00e1xima protecci\u00f3n UV400 para que los ni\u00f1os puedan disfrutar de horas de aventuras &#8230; <a title=\"Gafas de Sol Easton 5-12\" class=\"read-more\" href=\"https:\/\/undermonkeys.com\/en\/product\/gafas-de-sol-easton-5-12\/\" aria-label=\"Read more about Gafas de Sol Easton 5-12\">Read more<\/a><\/p>\n","protected":false},"featured_media":51367,"comment_status":"open","ping_status":"closed","template":"","meta":{"_acf_changed":false},"product_brand":[],"product_cat":[485,492,416],"product_tag":[],"class_list":{"0":"post-51366","1":"product","2":"type-product","3":"status-publish","4":"has-post-thumbnail","6":"product_cat-complementos","7":"product_cat-gafas-de-sol-complementos","8":"product_cat-gafas-de-sol","9":"pa_brand-leosun","10":"pa_sa_composition-g850-ecologico-renew-que-esta-elaborado-con-un-45-de-semillas-de-ricino","11":"pa_size-5-anos","12":"sales-flash-overlay","13":"woocommerce-text-align-left","14":"woocommerce-image-align-center","15":"wc-has-gallery","17":"first","18":"instock","19":"taxable","20":"shipping-taxable","21":"purchasable","22":"product-type-variable"},"acf":[],"_links":{"self":[{"href":"https:\/\/undermonkeys.com\/en\/wp-json\/wp\/v2\/product\/51366","targetHints":{"allow":["GET"]}}],"collection":[{"href":"https:\/\/undermonkeys.com\/en\/wp-json\/wp\/v2\/product"}],"about":[{"href":"https:\/\/undermonkeys.com\/en\/wp-json\/wp\/v2\/types\/product"}],"replies":[{"embeddable":true,"href":"https:\/\/undermonkeys.com\/en\/wp-json\/wp\/v2\/comments?post=51366"}],"wp:featuredmedia":[{"embeddable":true,"href":"https:\/\/undermonkeys.com\/en\/wp-json\/wp\/v2\/media\/51367"}],"wp:attachment":[{"href":"https:\/\/undermonkeys.com\/en\/wp-json\/wp\/v2\/media?parent=51366"}],"wp:term":[{"taxonomy":"product_brand","embeddable":true,"href":"https:\/\/undermonkeys.com\/en\/wp-json\/wp\/v2\/product_brand?post=51366"},{"taxonomy":"product_cat","embeddable":true,"href":"https:\/\/undermonkeys.com\/en\/wp-json\/wp\/v2\/product_cat?post=51366"},{"taxonomy":"product_tag","embeddable":true,"href":"https:\/\/undermonkeys.com\/en\/wp-json\/wp\/v2\/product_tag?post=51366"}],"curies":[{"name":"wp","href":"https:\/\/api.w.org\/{rel}","templated":true}]}}