

{"id":52509,"date":"2026-05-14T17:26:26","date_gmt":"2026-05-14T15:26:26","guid":{"rendered":"https:\/\/undermonkeys.com\/producto\/banador-nino-panal-vichy-verde-agua\/"},"modified":"2026-05-14T17:46:24","modified_gmt":"2026-05-14T15:46:24","slug":"banador-nino-panal-vichy-verde-agua","status":"publish","type":"product","link":"https:\/\/undermonkeys.com\/en\/product\/banador-nino-panal-vichy-verde-agua\/","title":{"rendered":"Ba\u00f1ador Ni\u00f1o Pa\u00f1al Vichy Verde Agua"},"content":{"rendered":"","protected":false},"excerpt":{"rendered":"","protected":false},"featured_media":0,"comment_status":"open","ping_status":"closed","template":"","meta":{"_acf_changed":false},"product_brand":[],"product_cat":[623,1139],"product_tag":[],"class_list":{"0":"post-52509","1":"product","2":"type-product","3":"status-publish","5":"product_cat-black-friday-con-corazon","6":"product_cat-mid-season-sale","7":"pa_brand-sin-marca","8":"pa_sa_unique_color-unique","9":"pa_size-12-meses","10":"pa_size-18-meses","11":"pa_size-2-3-anos","12":"pa_size-6-meses","13":"sales-flash-overlay","14":"woocommerce-text-align-left","15":"woocommerce-image-align-center","17":"first","18":"instock","19":"sale","20":"taxable","21":"shipping-taxable","22":"purchasable","23":"product-type-variable"},"acf":[],"_links":{"self":[{"href":"https:\/\/undermonkeys.com\/en\/wp-json\/wp\/v2\/product\/52509","targetHints":{"allow":["GET"]}}],"collection":[{"href":"https:\/\/undermonkeys.com\/en\/wp-json\/wp\/v2\/product"}],"about":[{"href":"https:\/\/undermonkeys.com\/en\/wp-json\/wp\/v2\/types\/product"}],"replies":[{"embeddable":true,"href":"https:\/\/undermonkeys.com\/en\/wp-json\/wp\/v2\/comments?post=52509"}],"wp:attachment":[{"href":"https:\/\/undermonkeys.com\/en\/wp-json\/wp\/v2\/media?parent=52509"}],"wp:term":[{"taxonomy":"product_brand","embeddable":true,"href":"https:\/\/undermonkeys.com\/en\/wp-json\/wp\/v2\/product_brand?post=52509"},{"taxonomy":"product_cat","embeddable":true,"href":"https:\/\/undermonkeys.com\/en\/wp-json\/wp\/v2\/product_cat?post=52509"},{"taxonomy":"product_tag","embeddable":true,"href":"https:\/\/undermonkeys.com\/en\/wp-json\/wp\/v2\/product_tag?post=52509"}],"curies":[{"name":"wp","href":"https:\/\/api.w.org\/{rel}","templated":true}]}}